{"id":18,"date":"2023-06-22T14:03:28","date_gmt":"2023-06-22T17:03:28","guid":{"rendered":"https:\/\/thermovalve.com\/es\/?page_id=18"},"modified":"2023-07-03T08:52:19","modified_gmt":"2023-07-03T11:52:19","slug":"sea-un-distribuidor","status":"publish","type":"page","link":"https:\/\/thermovalve.com\/es\/sea-un-distribuidor\/","title":{"rendered":"Ser Un Distribuidor"},"content":{"rendered":"\t\t<div data-elementor-type=\"wp-page\" data-elementor-id=\"18\" class=\"elementor elementor-18\" data-elementor-post-type=\"page\">\n\t\t\t\t<div class=\"elementor-element elementor-element-b4b8835 e-flex e-con-boxed e-con e-parent\" data-id=\"b4b8835\" data-element_type=\"container\">\n\t\t\t\t\t<div class=\"e-con-inner\">\n\t\t\t\t<div class=\"elementor-element elementor-element-1082566 elementor-widget elementor-widget-heading\" data-id=\"1082566\" data-element_type=\"widget\" data-widget_type=\"heading.default\">\n\t\t\t\t<div class=\"elementor-widget-container\">\n\t\t\t\t\t<h2 class=\"elementor-heading-title elementor-size-default\">\u00bfQuieres ser Distribuidor?<\/h2>\t\t\t\t<\/div>\n\t\t\t\t<\/div>\n\t\t\t\t<div class=\"elementor-element elementor-element-6644917 elementor-widget elementor-widget-text-editor\" data-id=\"6644917\" data-element_type=\"widget\" data-widget_type=\"text-editor.default\">\n\t\t\t\t<div class=\"elementor-widget-container\">\n\t\t\t\t\t\t\t\t\t<p>Descubre nuestras lineas de productos<\/p>\t\t\t\t\t\t\t\t<\/div>\n\t\t\t\t<\/div>\n\t\t\t\t\t<\/div>\n\t\t\t\t<\/div>\n\t\t<div class=\"elementor-element elementor-element-674166f e-flex e-con-boxed e-con e-parent\" data-id=\"674166f\" data-element_type=\"container\">\n\t\t\t\t\t<div class=\"e-con-inner\">\n\t\t<div class=\"elementor-element elementor-element-4003c7b e-con-full e-flex e-con e-child\" data-id=\"4003c7b\" data-element_type=\"container\">\n\t\t\t\t<div class=\"elementor-element elementor-element-2ac8821 elementor-widget elementor-widget-image\" data-id=\"2ac8821\" data-element_type=\"widget\" data-widget_type=\"image.default\">\n\t\t\t\t<div class=\"elementor-widget-container\">\n\t\t\t\t\t\t\t\t\t\t\t\t\t\t\t<img decoding=\"async\" width=\"256\" height=\"101\" src=\"https:\/\/thermovalve.com\/es\/wp-content\/uploads\/sites\/2\/2023\/06\/thermoval-1.png\" class=\"attachment-large size-large wp-image-105\" alt=\"\" \/>\t\t\t\t\t\t\t\t\t\t\t\t\t\t\t<\/div>\n\t\t\t\t<\/div>\n\t\t\t\t<\/div>\n\t\t<div class=\"elementor-element elementor-element-370bdab e-con-full e-flex e-con e-child\" data-id=\"370bdab\" data-element_type=\"container\">\n\t\t\t\t<div class=\"elementor-element elementor-element-4098a4b elementor-widget elementor-widget-text-editor\" data-id=\"4098a4b\" data-element_type=\"widget\" data-widget_type=\"text-editor.default\">\n\t\t\t\t<div class=\"elementor-widget-container\">\n\t\t\t\t\t\t\t\t\t<p>Especializada en la producci\u00f3n y comercializaci\u00f3n de Electrov\u00e1lvulas, V\u00e1lvula Neum\u00e1ticas, V\u00e1lvulas de Seguridad, V\u00e1lvulas de Compuerta, Husillos y Acessorios para V\u00e1lvulas<\/p>\t\t\t\t\t\t\t\t<\/div>\n\t\t\t\t<\/div>\n\t\t\t\t<\/div>\n\t\t\t\t\t<\/div>\n\t\t\t\t<\/div>\n\t\t<div class=\"elementor-element elementor-element-b934268 e-flex e-con-boxed e-con e-parent\" data-id=\"b934268\" data-element_type=\"container\">\n\t\t\t\t\t<div class=\"e-con-inner\">\n\t\t<div class=\"elementor-element elementor-element-94221e0 e-con-full e-flex e-con e-child\" data-id=\"94221e0\" data-element_type=\"container\">\n\t\t\t\t<div class=\"elementor-element elementor-element-0855664 elementor-hidden-mobile elementor-widget elementor-widget-text-editor\" data-id=\"0855664\" data-element_type=\"widget\" data-widget_type=\"text-editor.default\">\n\t\t\t\t<div class=\"elementor-widget-container\">\n\t\t\t\t\t\t\t\t\t<p><span class=\"fontstyle0\">Unidad especializada en la fabricaci\u00f3n y venta de cilindros, conexiones, electrov\u00e1lvulas, neum\u00e1tica y automatizaci\u00f3n<\/span><\/p>\t\t\t\t\t\t\t\t<\/div>\n\t\t\t\t<\/div>\n\t\t\t\t<\/div>\n\t\t<div class=\"elementor-element elementor-element-c6bbb0b e-con-full e-flex e-con e-child\" data-id=\"c6bbb0b\" data-element_type=\"container\">\n\t\t\t\t<div class=\"elementor-element elementor-element-715fa77 elementor-widget elementor-widget-image\" data-id=\"715fa77\" data-element_type=\"widget\" data-widget_type=\"image.default\">\n\t\t\t\t<div class=\"elementor-widget-container\">\n\t\t\t\t\t\t\t\t\t\t\t\t\t\t\t<img decoding=\"async\" width=\"256\" height=\"101\" src=\"https:\/\/thermovalve.com\/es\/wp-content\/uploads\/sites\/2\/2023\/06\/strokmatic-1.png\" class=\"attachment-large size-large wp-image-107\" alt=\"\" \/>\t\t\t\t\t\t\t\t\t\t\t\t\t\t\t<\/div>\n\t\t\t\t<\/div>\n\t\t\t\t<div class=\"elementor-element elementor-element-429061e elementor-hidden-desktop elementor-hidden-tablet elementor-widget elementor-widget-text-editor\" data-id=\"429061e\" data-element_type=\"widget\" data-widget_type=\"text-editor.default\">\n\t\t\t\t<div class=\"elementor-widget-container\">\n\t\t\t\t\t\t\t\t\t<p><span class=\"fontstyle0\">Unidad especializada en la fabricaci\u00f3n y venta de cilindros, conexiones, electrov\u00e1lvulas, neum\u00e1tica y automatizaci\u00f3n<\/span><\/p>\t\t\t\t\t\t\t\t<\/div>\n\t\t\t\t<\/div>\n\t\t\t\t<\/div>\n\t\t\t\t\t<\/div>\n\t\t\t\t<\/div>\n\t\t<div class=\"elementor-element elementor-element-8c2f73c e-flex e-con-boxed e-con e-parent\" data-id=\"8c2f73c\" data-element_type=\"container\">\n\t\t\t\t\t<div class=\"e-con-inner\">\n\t\t<div class=\"elementor-element elementor-element-05fbba9 e-con-full e-flex e-con e-child\" data-id=\"05fbba9\" data-element_type=\"container\">\n\t\t\t\t<div class=\"elementor-element elementor-element-5b456e8 elementor-widget elementor-widget-image\" data-id=\"5b456e8\" data-element_type=\"widget\" data-widget_type=\"image.default\">\n\t\t\t\t<div class=\"elementor-widget-container\">\n\t\t\t\t\t\t\t\t\t\t\t\t\t\t\t<img decoding=\"async\" width=\"256\" height=\"101\" src=\"https:\/\/thermovalve.com\/es\/wp-content\/uploads\/sites\/2\/2023\/06\/THTECH.png\" class=\"attachment-large size-large wp-image-106\" alt=\"\" \/>\t\t\t\t\t\t\t\t\t\t\t\t\t\t\t<\/div>\n\t\t\t\t<\/div>\n\t\t\t\t<\/div>\n\t\t<div class=\"elementor-element elementor-element-31e0ab9 e-con-full e-flex e-con e-child\" data-id=\"31e0ab9\" data-element_type=\"container\">\n\t\t\t\t<div class=\"elementor-element elementor-element-fbb9bb2 elementor-widget elementor-widget-text-editor\" data-id=\"fbb9bb2\" data-element_type=\"widget\" data-widget_type=\"text-editor.default\">\n\t\t\t\t<div class=\"elementor-widget-container\">\n\t\t\t\t\t\t\t\t\t<p>Unidad especializada en la venta de v\u00e1lvulas de mariposa, globo, bola, compuerta, retenci\u00f3n y actuador neum\u00e1tico<\/p><p><span class=\"fontstyle0\">\u00a0<\/span><\/p>\t\t\t\t\t\t\t\t<\/div>\n\t\t\t\t<\/div>\n\t\t\t\t<\/div>\n\t\t\t\t\t<\/div>\n\t\t\t\t<\/div>\n\t\t<div class=\"elementor-element elementor-element-5eec85d e-flex e-con-boxed e-con e-parent\" data-id=\"5eec85d\" data-element_type=\"container\">\n\t\t\t\t\t<div class=\"e-con-inner\">\n\t\t\t\t<div class=\"elementor-element elementor-element-322ab02 elementor-widget elementor-widget-heading\" data-id=\"322ab02\" data-element_type=\"widget\" data-widget_type=\"heading.default\">\n\t\t\t\t<div class=\"elementor-widget-container\">\n\t\t\t\t\t<h2 class=\"elementor-heading-title elementor-size-default\">Pida mas informaci\u00f3n:<\/h2>\t\t\t\t<\/div>\n\t\t\t\t<\/div>\n\t\t\t\t\t<\/div>\n\t\t\t\t<\/div>\n\t\t<div class=\"elementor-element elementor-element-ede93f1 e-flex e-con-boxed e-con e-parent\" data-id=\"ede93f1\" data-element_type=\"container\">\n\t\t\t\t\t<div class=\"e-con-inner\">\n\t\t<div class=\"elementor-element elementor-element-ad874f9 e-con-full e-flex e-con e-child\" data-id=\"ad874f9\" data-element_type=\"container\">\n\t\t\t\t<div class=\"elementor-element elementor-element-90686da elementor-widget elementor-widget-heading\" data-id=\"90686da\" data-element_type=\"widget\" data-widget_type=\"heading.default\">\n\t\t\t\t<div class=\"elementor-widget-container\">\n\t\t\t\t\t<h2 class=\"elementor-heading-title elementor-size-default\"><a href=\"https:\/\/api.whatsapp.com\/send\/?phone=5516992258752&#038;text&#038;type=phone_number&#038;app_absent=0\">WhatsApp<\/a><\/h2>\t\t\t\t<\/div>\n\t\t\t\t<\/div>\n\t\t\t\t<div class=\"elementor-element elementor-element-60a9bcb elementor-view-default elementor-widget elementor-widget-icon\" data-id=\"60a9bcb\" data-element_type=\"widget\" data-widget_type=\"icon.default\">\n\t\t\t\t<div class=\"elementor-widget-container\">\n\t\t\t\t\t\t\t<div class=\"elementor-icon-wrapper\">\n\t\t\t<a class=\"elementor-icon\" href=\"https:\/\/api.whatsapp.com\/send\/?phone=5516992258752&#038;text&#038;type=phone_number&#038;app_absent=0\">\n\t\t\t<i aria-hidden=\"true\" class=\"fab fa-whatsapp\"><\/i>\t\t\t<\/a>\n\t\t<\/div>\n\t\t\t\t\t\t<\/div>\n\t\t\t\t<\/div>\n\t\t\t\t<\/div>\n\t\t<div class=\"elementor-element elementor-element-76ad7b0 e-con-full e-flex e-con e-child\" data-id=\"76ad7b0\" data-element_type=\"container\">\n\t\t\t\t<div class=\"elementor-element elementor-element-dddd9b9 elementor-widget elementor-widget-heading\" data-id=\"dddd9b9\" data-element_type=\"widget\" data-widget_type=\"heading.default\">\n\t\t\t\t<div class=\"elementor-widget-container\">\n\t\t\t\t\t<h2 class=\"elementor-heading-title elementor-size-default\"><a href=\"mailto:rodrigo.maranha@thermoval.com.br\">Correo Electr\u00f3nico<\/a><\/h2>\t\t\t\t<\/div>\n\t\t\t\t<\/div>\n\t\t\t\t<div class=\"elementor-element elementor-element-b8b2862 elementor-view-default elementor-widget elementor-widget-icon\" data-id=\"b8b2862\" data-element_type=\"widget\" data-widget_type=\"icon.default\">\n\t\t\t\t<div class=\"elementor-widget-container\">\n\t\t\t\t\t\t\t<div class=\"elementor-icon-wrapper\">\n\t\t\t<a class=\"elementor-icon\" href=\"mailto:rodrigo.maranha@thermoval.com.br\">\n\t\t\t<i aria-hidden=\"true\" class=\"far fa-envelope\"><\/i>\t\t\t<\/a>\n\t\t<\/div>\n\t\t\t\t\t\t<\/div>\n\t\t\t\t<\/div>\n\t\t\t\t<\/div>\n\t\t\t\t\t<\/div>\n\t\t\t\t<\/div>\n\t\t\t\t<\/div>\n\t\t","protected":false},"excerpt":{"rendered":"<p>\u00bfQuieres ser Distribuidor? Descubre nuestras lineas de productos Especializada en la producci\u00f3n y comercializaci\u00f3n de Electrov\u00e1lvulas, V\u00e1lvula Neum\u00e1ticas, V\u00e1lvulas de Seguridad, V\u00e1lvulas de Compuerta, Husillos y Acessorios para V\u00e1lvulas Unidad especializada en la fabricaci\u00f3n y venta de cilindros, conexiones, electrov\u00e1lvulas, neum\u00e1tica y automatizaci\u00f3n Unidad especializada en la fabricaci\u00f3n y venta de cilindros, conexiones, electrov\u00e1lvulas, neum\u00e1tica [&hellip;]<\/p>\n","protected":false},"author":1,"featured_media":0,"parent":0,"menu_order":0,"comment_status":"closed","ping_status":"closed","template":"elementor_header_footer","meta":{"_joinchat":[],"footnotes":""},"class_list":["post-18","page","type-page","status-publish","hentry"],"_links":{"self":[{"href":"https:\/\/thermovalve.com\/es\/wp-json\/wp\/v2\/pages\/18"}],"collection":[{"href":"https:\/\/thermovalve.com\/es\/wp-json\/wp\/v2\/pages"}],"about":[{"href":"https:\/\/thermovalve.com\/es\/wp-json\/wp\/v2\/types\/page"}],"author":[{"embeddable":true,"href":"https:\/\/thermovalve.com\/es\/wp-json\/wp\/v2\/users\/1"}],"replies":[{"embeddable":true,"href":"https:\/\/thermovalve.com\/es\/wp-json\/wp\/v2\/comments?post=18"}],"version-history":[{"count":20,"href":"https:\/\/thermovalve.com\/es\/wp-json\/wp\/v2\/pages\/18\/revisions"}],"predecessor-version":[{"id":272,"href":"https:\/\/thermovalve.com\/es\/wp-json\/wp\/v2\/pages\/18\/revisions\/272"}],"wp:attachment":[{"href":"https:\/\/thermovalve.com\/es\/wp-json\/wp\/v2\/media?parent=18"}],"curies":[{"name":"wp","href":"https:\/\/api.w.org\/{rel}","templated":true}]}}