{"id":146,"date":"2023-06-30T08:18:03","date_gmt":"2023-06-30T11:18:03","guid":{"rendered":"https:\/\/thermovalve.com\/es\/?page_id=146"},"modified":"2023-06-30T16:59:02","modified_gmt":"2023-06-30T19:59:02","slug":"certificado-de-garantia","status":"publish","type":"page","link":"https:\/\/thermovalve.com\/es\/certificado-de-garantia\/","title":{"rendered":"Certificado de Garant\u00eda"},"content":{"rendered":"\t\t<div data-elementor-type=\"wp-page\" data-elementor-id=\"146\" class=\"elementor elementor-146\" data-elementor-post-type=\"page\">\n\t\t\t\t<div class=\"elementor-element elementor-element-91a6313 e-flex e-con-boxed e-con e-parent\" data-id=\"91a6313\" data-element_type=\"container\" data-settings=\"{&quot;background_background&quot;:&quot;classic&quot;}\">\n\t\t\t\t\t<div class=\"e-con-inner\">\n\t\t\t\t<div class=\"elementor-element elementor-element-2a0f3df elementor-widget elementor-widget-heading\" data-id=\"2a0f3df\" data-element_type=\"widget\" data-widget_type=\"heading.default\">\n\t\t\t\t<div class=\"elementor-widget-container\">\n\t\t\t\t\t<h2 class=\"elementor-heading-title elementor-size-default\">Certificado de Garant\u00eda<\/h2>\t\t\t\t<\/div>\n\t\t\t\t<\/div>\n\t\t\t\t\t<\/div>\n\t\t\t\t<\/div>\n\t\t<div class=\"elementor-element elementor-element-cabfe02 e-flex e-con-boxed e-con e-parent\" data-id=\"cabfe02\" data-element_type=\"container\">\n\t\t\t\t\t<div class=\"e-con-inner\">\n\t\t<div class=\"elementor-element elementor-element-5ff1179 e-con-full e-flex e-con e-child\" data-id=\"5ff1179\" data-element_type=\"container\">\n\t\t\t\t<\/div>\n\t\t<div class=\"elementor-element elementor-element-1d82551 e-con-full e-flex e-con e-child\" data-id=\"1d82551\" data-element_type=\"container\">\n\t\t\t\t<div class=\"elementor-element elementor-element-87cfcb8 elementor-widget elementor-widget-image\" data-id=\"87cfcb8\" data-element_type=\"widget\" data-widget_type=\"image.default\">\n\t\t\t\t<div class=\"elementor-widget-container\">\n\t\t\t\t\t\t\t\t\t\t\t\t\t\t\t\t<a href=\"http:\/\/thermovalve.com\/wp-content\/uploads\/2023\/06\/warranty-statement.pdf\">\n\t\t\t\t\t\t\t<img fetchpriority=\"high\" decoding=\"async\" width=\"300\" height=\"400\" src=\"https:\/\/thermovalve.com\/es\/wp-content\/uploads\/sites\/2\/2023\/06\/WARRANY.jpg\" class=\"attachment-full size-full wp-image-190\" alt=\"\" srcset=\"https:\/\/thermovalve.com\/es\/wp-content\/uploads\/sites\/2\/2023\/06\/WARRANY.jpg 300w, https:\/\/thermovalve.com\/es\/wp-content\/uploads\/sites\/2\/2023\/06\/WARRANY-225x300.jpg 225w\" sizes=\"(max-width: 300px) 100vw, 300px\" \/>\t\t\t\t\t\t\t\t<\/a>\n\t\t\t\t\t\t\t\t\t\t\t\t\t\t\t<\/div>\n\t\t\t\t<\/div>\n\t\t\t\t<div class=\"elementor-element elementor-element-44488db elementor-widget elementor-widget-text-editor\" data-id=\"44488db\" data-element_type=\"widget\" data-widget_type=\"text-editor.default\">\n\t\t\t\t<div class=\"elementor-widget-container\">\n\t\t\t\t\t\t\t\t\t<p>Declaraci\u00f3n de Garant\u00eda<\/p>\t\t\t\t\t\t\t\t<\/div>\n\t\t\t\t<\/div>\n\t\t\t\t<\/div>\n\t\t<div class=\"elementor-element elementor-element-5942f93 e-con-full e-flex e-con e-child\" data-id=\"5942f93\" data-element_type=\"container\">\n\t\t\t\t<\/div>\n\t\t\t\t\t<\/div>\n\t\t\t\t<\/div>\n\t\t\t\t<\/div>\n\t\t","protected":false},"excerpt":{"rendered":"<p>Certificado de Garant\u00eda Declaraci\u00f3n de Garant\u00eda<\/p>\n","protected":false},"author":1,"featured_media":0,"parent":0,"menu_order":0,"comment_status":"closed","ping_status":"closed","template":"elementor_header_footer","meta":{"_joinchat":[],"footnotes":""},"class_list":["post-146","page","type-page","status-publish","hentry"],"_links":{"self":[{"href":"https:\/\/thermovalve.com\/es\/wp-json\/wp\/v2\/pages\/146"}],"collection":[{"href":"https:\/\/thermovalve.com\/es\/wp-json\/wp\/v2\/pages"}],"about":[{"href":"https:\/\/thermovalve.com\/es\/wp-json\/wp\/v2\/types\/page"}],"author":[{"embeddable":true,"href":"https:\/\/thermovalve.com\/es\/wp-json\/wp\/v2\/users\/1"}],"replies":[{"embeddable":true,"href":"https:\/\/thermovalve.com\/es\/wp-json\/wp\/v2\/comments?post=146"}],"version-history":[{"count":19,"href":"https:\/\/thermovalve.com\/es\/wp-json\/wp\/v2\/pages\/146\/revisions"}],"predecessor-version":[{"id":267,"href":"https:\/\/thermovalve.com\/es\/wp-json\/wp\/v2\/pages\/146\/revisions\/267"}],"wp:attachment":[{"href":"https:\/\/thermovalve.com\/es\/wp-json\/wp\/v2\/media?parent=146"}],"curies":[{"name":"wp","href":"https:\/\/api.w.org\/{rel}","templated":true}]}}