{"id":142,"date":"2023-06-30T08:16:46","date_gmt":"2023-06-30T11:16:46","guid":{"rendered":"https:\/\/thermovalve.com\/es\/?page_id=142"},"modified":"2024-08-06T11:09:34","modified_gmt":"2024-08-06T14:09:34","slug":"catalogos","status":"publish","type":"page","link":"https:\/\/thermovalve.com\/es\/catalogos\/","title":{"rendered":"Cat\u00e1logos"},"content":{"rendered":"\t\t<div data-elementor-type=\"wp-page\" data-elementor-id=\"142\" class=\"elementor elementor-142\" data-elementor-post-type=\"page\">\n\t\t\t\t<div class=\"elementor-element elementor-element-6ea5418 e-flex e-con-boxed e-con e-parent\" data-id=\"6ea5418\" data-element_type=\"container\" data-settings=\"{&quot;background_background&quot;:&quot;classic&quot;}\">\n\t\t\t\t\t<div class=\"e-con-inner\">\n\t\t\t\t<div class=\"elementor-element elementor-element-d7a21de elementor-widget elementor-widget-heading\" data-id=\"d7a21de\" data-element_type=\"widget\" data-widget_type=\"heading.default\">\n\t\t\t\t<div class=\"elementor-widget-container\">\n\t\t\t\t\t<h2 class=\"elementor-heading-title elementor-size-default\">Cat\u00e1logos<\/h2>\t\t\t\t<\/div>\n\t\t\t\t<\/div>\n\t\t\t\t\t<\/div>\n\t\t\t\t<\/div>\n\t\t<div class=\"elementor-element elementor-element-71a98a6 e-flex e-con-boxed e-con e-parent\" data-id=\"71a98a6\" data-element_type=\"container\">\n\t\t\t\t\t<div class=\"e-con-inner\">\n\t\t<div class=\"elementor-element elementor-element-5556a5a e-con-full e-flex e-con e-child\" data-id=\"5556a5a\" data-element_type=\"container\">\n\t\t\t\t<div class=\"elementor-element elementor-element-e67a99f elementor-widget elementor-widget-image\" data-id=\"e67a99f\" data-element_type=\"widget\" data-widget_type=\"image.default\">\n\t\t\t\t<div class=\"elementor-widget-container\">\n\t\t\t\t\t\t\t\t\t\t\t\t\t\t\t\t<a href=\"http:\/\/thermovalve.com\/wp-content\/uploads\/2023\/06\/alimentos-y-bebidas.pdf\">\n\t\t\t\t\t\t\t<img fetchpriority=\"high\" decoding=\"async\" width=\"200\" height=\"283\" src=\"https:\/\/thermovalve.com\/es\/wp-content\/uploads\/sites\/2\/2023\/06\/alimentos.png\" class=\"attachment-large size-large wp-image-255\" alt=\"\" \/>\t\t\t\t\t\t\t\t<\/a>\n\t\t\t\t\t\t\t\t\t\t\t\t\t\t\t<\/div>\n\t\t\t\t<\/div>\n\t\t\t\t<div class=\"elementor-element elementor-element-33165f0 elementor-widget elementor-widget-text-editor\" data-id=\"33165f0\" data-element_type=\"widget\" data-widget_type=\"text-editor.default\">\n\t\t\t\t<div class=\"elementor-widget-container\">\n\t\t\t\t\t\t\t\t\t<p>Alimentos y Bebidas<\/p>\t\t\t\t\t\t\t\t<\/div>\n\t\t\t\t<\/div>\n\t\t\t\t<\/div>\n\t\t<div class=\"elementor-element elementor-element-6064964 e-con-full e-flex e-con e-child\" data-id=\"6064964\" data-element_type=\"container\">\n\t\t\t\t<div class=\"elementor-element elementor-element-caeb024 elementor-widget elementor-widget-image\" data-id=\"caeb024\" data-element_type=\"widget\" data-widget_type=\"image.default\">\n\t\t\t\t<div class=\"elementor-widget-container\">\n\t\t\t\t\t\t\t\t\t\t\t\t\t\t\t\t<a href=\"http:\/\/thermovalve.com\/wp-content\/uploads\/2023\/06\/agricultura.pdf\">\n\t\t\t\t\t\t\t<img decoding=\"async\" width=\"200\" height=\"283\" src=\"https:\/\/thermovalve.com\/es\/wp-content\/uploads\/sites\/2\/2023\/06\/agricola.png\" class=\"attachment-large size-large wp-image-256\" alt=\"\" \/>\t\t\t\t\t\t\t\t<\/a>\n\t\t\t\t\t\t\t\t\t\t\t\t\t\t\t<\/div>\n\t\t\t\t<\/div>\n\t\t\t\t<div class=\"elementor-element elementor-element-4eeba9c elementor-widget elementor-widget-text-editor\" data-id=\"4eeba9c\" data-element_type=\"widget\" data-widget_type=\"text-editor.default\">\n\t\t\t\t<div class=\"elementor-widget-container\">\n\t\t\t\t\t\t\t\t\t<p>Agricultura<\/p>\t\t\t\t\t\t\t\t<\/div>\n\t\t\t\t<\/div>\n\t\t\t\t<\/div>\n\t\t<div class=\"elementor-element elementor-element-6042513 e-con-full e-flex e-con e-child\" data-id=\"6042513\" data-element_type=\"container\">\n\t\t\t\t<div class=\"elementor-element elementor-element-61eb30e elementor-widget elementor-widget-image\" data-id=\"61eb30e\" data-element_type=\"widget\" data-widget_type=\"image.default\">\n\t\t\t\t<div class=\"elementor-widget-container\">\n\t\t\t\t\t\t\t\t\t\t\t\t\t\t\t\t<a href=\"http:\/\/thermovalve.com\/wp-content\/uploads\/2023\/06\/automotriz.pdf\">\n\t\t\t\t\t\t\t<img decoding=\"async\" width=\"200\" height=\"283\" src=\"https:\/\/thermovalve.com\/es\/wp-content\/uploads\/sites\/2\/2023\/06\/automotriz.png\" class=\"attachment-large size-large wp-image-254\" alt=\"\" \/>\t\t\t\t\t\t\t\t<\/a>\n\t\t\t\t\t\t\t\t\t\t\t\t\t\t\t<\/div>\n\t\t\t\t<\/div>\n\t\t\t\t<div class=\"elementor-element elementor-element-ce3c7b9 elementor-widget elementor-widget-text-editor\" data-id=\"ce3c7b9\" data-element_type=\"widget\" data-widget_type=\"text-editor.default\">\n\t\t\t\t<div class=\"elementor-widget-container\">\n\t\t\t\t\t\t\t\t\t<p>Automotriz<\/p>\t\t\t\t\t\t\t\t<\/div>\n\t\t\t\t<\/div>\n\t\t\t\t<\/div>\n\t\t<div class=\"elementor-element elementor-element-4f1843c e-con-full e-flex e-con e-child\" data-id=\"4f1843c\" data-element_type=\"container\">\n\t\t\t\t<div class=\"elementor-element elementor-element-cd15429 elementor-widget elementor-widget-image\" data-id=\"cd15429\" data-element_type=\"widget\" data-widget_type=\"image.default\">\n\t\t\t\t<div class=\"elementor-widget-container\">\n\t\t\t\t\t\t\t\t\t\t\t\t\t\t\t\t<a href=\"http:\/\/thermovalve.com\/wp-content\/uploads\/2023\/06\/energ\u00eda-y-saneamiento.pdf\">\n\t\t\t\t\t\t\t<img loading=\"lazy\" decoding=\"async\" width=\"200\" height=\"283\" src=\"https:\/\/thermovalve.com\/es\/wp-content\/uploads\/sites\/2\/2023\/06\/energia.png\" class=\"attachment-large size-large wp-image-253\" alt=\"\" \/>\t\t\t\t\t\t\t\t<\/a>\n\t\t\t\t\t\t\t\t\t\t\t\t\t\t\t<\/div>\n\t\t\t\t<\/div>\n\t\t\t\t<div class=\"elementor-element elementor-element-8e7e561 elementor-widget elementor-widget-text-editor\" data-id=\"8e7e561\" data-element_type=\"widget\" data-widget_type=\"text-editor.default\">\n\t\t\t\t<div class=\"elementor-widget-container\">\n\t\t\t\t\t\t\t\t\t<p>Energ\u00eda<\/p>\t\t\t\t\t\t\t\t<\/div>\n\t\t\t\t<\/div>\n\t\t\t\t<\/div>\n\t\t\t\t\t<\/div>\n\t\t\t\t<\/div>\n\t\t<div class=\"elementor-element elementor-element-d5d1b01 e-flex e-con-boxed e-con e-parent\" data-id=\"d5d1b01\" data-element_type=\"container\">\n\t\t\t\t\t<div class=\"e-con-inner\">\n\t\t<div class=\"elementor-element elementor-element-38ae244 e-con-full e-flex e-con e-child\" data-id=\"38ae244\" data-element_type=\"container\">\n\t\t\t\t<div class=\"elementor-element elementor-element-26064e3 elementor-widget elementor-widget-image\" data-id=\"26064e3\" data-element_type=\"widget\" data-widget_type=\"image.default\">\n\t\t\t\t<div class=\"elementor-widget-container\">\n\t\t\t\t\t\t\t\t\t\t\t\t\t\t\t\t<a href=\"http:\/\/thermovalve.com\/wp-content\/uploads\/2023\/06\/madera-cemento-mineria.pdf\">\n\t\t\t\t\t\t\t<img loading=\"lazy\" decoding=\"async\" width=\"200\" height=\"283\" src=\"https:\/\/thermovalve.com\/es\/wp-content\/uploads\/sites\/2\/2023\/06\/madeira.png\" class=\"attachment-large size-large wp-image-252\" alt=\"\" \/>\t\t\t\t\t\t\t\t<\/a>\n\t\t\t\t\t\t\t\t\t\t\t\t\t\t\t<\/div>\n\t\t\t\t<\/div>\n\t\t\t\t<div class=\"elementor-element elementor-element-cb9149a elementor-widget elementor-widget-text-editor\" data-id=\"cb9149a\" data-element_type=\"widget\" data-widget_type=\"text-editor.default\">\n\t\t\t\t<div class=\"elementor-widget-container\">\n\t\t\t\t\t\t\t\t\t<p>Madera, Cemento y Miner\u00eda<\/p>\t\t\t\t\t\t\t\t<\/div>\n\t\t\t\t<\/div>\n\t\t\t\t<\/div>\n\t\t<div class=\"elementor-element elementor-element-3bf92f1 e-con-full e-flex e-con e-child\" data-id=\"3bf92f1\" data-element_type=\"container\">\n\t\t\t\t<div class=\"elementor-element elementor-element-38b78a9 elementor-widget elementor-widget-image\" data-id=\"38b78a9\" data-element_type=\"widget\" data-widget_type=\"image.default\">\n\t\t\t\t<div class=\"elementor-widget-container\">\n\t\t\t\t\t\t\t\t\t\t\t\t\t\t\t\t<a href=\"http:\/\/thermovalve.com\/wp-content\/uploads\/2023\/06\/manufactura.pdf\">\n\t\t\t\t\t\t\t<img loading=\"lazy\" decoding=\"async\" width=\"200\" height=\"283\" src=\"https:\/\/thermovalve.com\/es\/wp-content\/uploads\/sites\/2\/2023\/06\/manufatura.png\" class=\"attachment-large size-large wp-image-251\" alt=\"\" \/>\t\t\t\t\t\t\t\t<\/a>\n\t\t\t\t\t\t\t\t\t\t\t\t\t\t\t<\/div>\n\t\t\t\t<\/div>\n\t\t\t\t<div class=\"elementor-element elementor-element-d60edba elementor-widget elementor-widget-text-editor\" data-id=\"d60edba\" data-element_type=\"widget\" data-widget_type=\"text-editor.default\">\n\t\t\t\t<div class=\"elementor-widget-container\">\n\t\t\t\t\t\t\t\t\t<p>Manufactura<\/p>\t\t\t\t\t\t\t\t<\/div>\n\t\t\t\t<\/div>\n\t\t\t\t<\/div>\n\t\t<div class=\"elementor-element elementor-element-6a72770 e-con-full e-flex e-con e-child\" data-id=\"6a72770\" data-element_type=\"container\">\n\t\t\t\t<div class=\"elementor-element elementor-element-1f74334 elementor-widget elementor-widget-image\" data-id=\"1f74334\" data-element_type=\"widget\" data-widget_type=\"image.default\">\n\t\t\t\t<div class=\"elementor-widget-container\">\n\t\t\t\t\t\t\t\t\t\t\t\t\t\t\t\t<a href=\"http:\/\/thermovalve.com\/wp-content\/uploads\/2023\/06\/refrigeraci\u00f3n.pdf\">\n\t\t\t\t\t\t\t<img loading=\"lazy\" decoding=\"async\" width=\"200\" height=\"283\" src=\"https:\/\/thermovalve.com\/es\/wp-content\/uploads\/sites\/2\/2023\/06\/refrigeracao.png\" class=\"attachment-large size-large wp-image-258\" alt=\"\" \/>\t\t\t\t\t\t\t\t<\/a>\n\t\t\t\t\t\t\t\t\t\t\t\t\t\t\t<\/div>\n\t\t\t\t<\/div>\n\t\t\t\t<div class=\"elementor-element elementor-element-07889ae elementor-widget elementor-widget-text-editor\" data-id=\"07889ae\" data-element_type=\"widget\" data-widget_type=\"text-editor.default\">\n\t\t\t\t<div class=\"elementor-widget-container\">\n\t\t\t\t\t\t\t\t\t<p>Refrigeraci\u00f3n<\/p>\t\t\t\t\t\t\t\t<\/div>\n\t\t\t\t<\/div>\n\t\t\t\t<\/div>\n\t\t<div class=\"elementor-element elementor-element-fdde864 e-con-full e-flex e-con e-child\" data-id=\"fdde864\" data-element_type=\"container\">\n\t\t\t\t<div class=\"elementor-element elementor-element-f8552fa elementor-widget elementor-widget-image\" data-id=\"f8552fa\" data-element_type=\"widget\" data-widget_type=\"image.default\">\n\t\t\t\t<div class=\"elementor-widget-container\">\n\t\t\t\t\t\t\t\t\t\t\t\t\t\t\t\t<a href=\"http:\/\/thermovalve.com\/wp-content\/uploads\/2023\/06\/salud-y-quimicos.pdf\">\n\t\t\t\t\t\t\t<img loading=\"lazy\" decoding=\"async\" width=\"200\" height=\"283\" src=\"https:\/\/thermovalve.com\/es\/wp-content\/uploads\/sites\/2\/2023\/06\/salud.png\" class=\"attachment-large size-large wp-image-257\" alt=\"\" \/>\t\t\t\t\t\t\t\t<\/a>\n\t\t\t\t\t\t\t\t\t\t\t\t\t\t\t<\/div>\n\t\t\t\t<\/div>\n\t\t\t\t<div class=\"elementor-element elementor-element-4948bc9 elementor-widget elementor-widget-text-editor\" data-id=\"4948bc9\" data-element_type=\"widget\" data-widget_type=\"text-editor.default\">\n\t\t\t\t<div class=\"elementor-widget-container\">\n\t\t\t\t\t\t\t\t\t<p>Salud y Qu\u00edmicos<\/p>\t\t\t\t\t\t\t\t<\/div>\n\t\t\t\t<\/div>\n\t\t\t\t<\/div>\n\t\t\t\t\t<\/div>\n\t\t\t\t<\/div>\n\t\t<div class=\"elementor-element elementor-element-965e976 e-flex e-con-boxed e-con e-parent\" data-id=\"965e976\" data-element_type=\"container\">\n\t\t\t\t\t<div class=\"e-con-inner\">\n\t\t<div class=\"elementor-element elementor-element-8aa6b5f e-con-full e-flex e-con e-child\" data-id=\"8aa6b5f\" data-element_type=\"container\">\n\t\t\t\t<div class=\"elementor-element elementor-element-02871a6 elementor-widget elementor-widget-image\" data-id=\"02871a6\" data-element_type=\"widget\" data-widget_type=\"image.default\">\n\t\t\t\t<div class=\"elementor-widget-container\">\n\t\t\t\t\t\t\t\t\t\t\t\t\t\t\t\t<a href=\"http:\/\/thermovalve.com\/es\/wp-content\/uploads\/sites\/2\/2024\/08\/Catalogo-THTECH-ESP.pdf\">\n\t\t\t\t\t\t\t<img loading=\"lazy\" decoding=\"async\" width=\"724\" height=\"1024\" src=\"https:\/\/thermovalve.com\/es\/wp-content\/uploads\/sites\/2\/2024\/08\/Catalogo-THTECH-ESP-pdf-1-724x1024.jpg\" class=\"attachment-large size-large wp-image-497\" alt=\"\" srcset=\"https:\/\/thermovalve.com\/es\/wp-content\/uploads\/sites\/2\/2024\/08\/Catalogo-THTECH-ESP-pdf-1-724x1024.jpg 724w, https:\/\/thermovalve.com\/es\/wp-content\/uploads\/sites\/2\/2024\/08\/Catalogo-THTECH-ESP-pdf-1-212x300.jpg 212w, https:\/\/thermovalve.com\/es\/wp-content\/uploads\/sites\/2\/2024\/08\/Catalogo-THTECH-ESP-pdf-1-768x1087.jpg 768w, https:\/\/thermovalve.com\/es\/wp-content\/uploads\/sites\/2\/2024\/08\/Catalogo-THTECH-ESP-pdf-1-600x849.jpg 600w, https:\/\/thermovalve.com\/es\/wp-content\/uploads\/sites\/2\/2024\/08\/Catalogo-THTECH-ESP-pdf-1.jpg 1058w\" sizes=\"(max-width: 724px) 100vw, 724px\" \/>\t\t\t\t\t\t\t\t<\/a>\n\t\t\t\t\t\t\t\t\t\t\t\t\t\t\t<\/div>\n\t\t\t\t<\/div>\n\t\t\t\t<div class=\"elementor-element elementor-element-2702ad5 elementor-widget elementor-widget-text-editor\" data-id=\"2702ad5\" data-element_type=\"widget\" data-widget_type=\"text-editor.default\">\n\t\t\t\t<div class=\"elementor-widget-container\">\n\t\t\t\t\t\t\t\t\t<p>THTECH<\/p>\t\t\t\t\t\t\t\t<\/div>\n\t\t\t\t<\/div>\n\t\t\t\t<\/div>\n\t\t<div class=\"elementor-element elementor-element-6479508 e-con-full e-flex e-con e-child\" data-id=\"6479508\" data-element_type=\"container\">\n\t\t\t\t<div class=\"elementor-element elementor-element-8a221b9 elementor-widget elementor-widget-image\" data-id=\"8a221b9\" data-element_type=\"widget\" data-widget_type=\"image.default\">\n\t\t\t\t<div class=\"elementor-widget-container\">\n\t\t\t\t\t\t\t\t\t\t\t\t\t\t\t\t<a href=\"http:\/\/thermovalve.com\/es\/wp-content\/uploads\/sites\/2\/2024\/08\/Catalogo-Transformadores-ESP.pdf\">\n\t\t\t\t\t\t\t<img loading=\"lazy\" decoding=\"async\" width=\"724\" height=\"1024\" src=\"https:\/\/thermovalve.com\/es\/wp-content\/uploads\/sites\/2\/2024\/08\/Catalogo-Transformadores-ESP-pdf-1-724x1024.jpg\" class=\"attachment-large size-large wp-image-498\" alt=\"\" srcset=\"https:\/\/thermovalve.com\/es\/wp-content\/uploads\/sites\/2\/2024\/08\/Catalogo-Transformadores-ESP-pdf-1-724x1024.jpg 724w, https:\/\/thermovalve.com\/es\/wp-content\/uploads\/sites\/2\/2024\/08\/Catalogo-Transformadores-ESP-pdf-1-212x300.jpg 212w, https:\/\/thermovalve.com\/es\/wp-content\/uploads\/sites\/2\/2024\/08\/Catalogo-Transformadores-ESP-pdf-1-768x1087.jpg 768w, https:\/\/thermovalve.com\/es\/wp-content\/uploads\/sites\/2\/2024\/08\/Catalogo-Transformadores-ESP-pdf-1-600x849.jpg 600w, https:\/\/thermovalve.com\/es\/wp-content\/uploads\/sites\/2\/2024\/08\/Catalogo-Transformadores-ESP-pdf-1.jpg 1058w\" sizes=\"(max-width: 724px) 100vw, 724px\" \/>\t\t\t\t\t\t\t\t<\/a>\n\t\t\t\t\t\t\t\t\t\t\t\t\t\t\t<\/div>\n\t\t\t\t<\/div>\n\t\t\t\t<div class=\"elementor-element elementor-element-d926ca6 elementor-widget elementor-widget-text-editor\" data-id=\"d926ca6\" data-element_type=\"widget\" data-widget_type=\"text-editor.default\">\n\t\t\t\t<div class=\"elementor-widget-container\">\n\t\t\t\t\t\t\t\t\t<p>Brasforja<\/p>\t\t\t\t\t\t\t\t<\/div>\n\t\t\t\t<\/div>\n\t\t\t\t<\/div>\n\t\t<div class=\"elementor-element elementor-element-13c6c28 e-con-full e-flex e-con e-child\" data-id=\"13c6c28\" data-element_type=\"container\">\n\t\t\t\t<div class=\"elementor-element elementor-element-04979f9 elementor-widget elementor-widget-image\" data-id=\"04979f9\" data-element_type=\"widget\" data-widget_type=\"image.default\">\n\t\t\t\t<div class=\"elementor-widget-container\">\n\t\t\t\t\t\t\t\t\t\t\t\t\t\t\t\t<a href=\"http:\/\/thermovalve.com\/es\/wp-content\/uploads\/sites\/2\/2024\/08\/Product-Catalog.pdf\">\n\t\t\t\t\t\t\t<img loading=\"lazy\" decoding=\"async\" width=\"703\" height=\"1024\" src=\"https:\/\/thermovalve.com\/es\/wp-content\/uploads\/sites\/2\/2024\/08\/Product-Catalog-pdf-1-703x1024.jpg\" class=\"attachment-large size-large wp-image-500\" alt=\"\" srcset=\"https:\/\/thermovalve.com\/es\/wp-content\/uploads\/sites\/2\/2024\/08\/Product-Catalog-pdf-1-703x1024.jpg 703w, https:\/\/thermovalve.com\/es\/wp-content\/uploads\/sites\/2\/2024\/08\/Product-Catalog-pdf-1-206x300.jpg 206w, https:\/\/thermovalve.com\/es\/wp-content\/uploads\/sites\/2\/2024\/08\/Product-Catalog-pdf-1-768x1119.jpg 768w, https:\/\/thermovalve.com\/es\/wp-content\/uploads\/sites\/2\/2024\/08\/Product-Catalog-pdf-1-600x874.jpg 600w, https:\/\/thermovalve.com\/es\/wp-content\/uploads\/sites\/2\/2024\/08\/Product-Catalog-pdf-1.jpg 1038w\" sizes=\"(max-width: 703px) 100vw, 703px\" \/>\t\t\t\t\t\t\t\t<\/a>\n\t\t\t\t\t\t\t\t\t\t\t\t\t\t\t<\/div>\n\t\t\t\t<\/div>\n\t\t\t\t<div class=\"elementor-element elementor-element-4f1fc0b elementor-widget elementor-widget-text-editor\" data-id=\"4f1fc0b\" data-element_type=\"widget\" data-widget_type=\"text-editor.default\">\n\t\t\t\t<div class=\"elementor-widget-container\">\n\t\t\t\t\t\t\t\t\t<p>Strockmatic<\/p>\t\t\t\t\t\t\t\t<\/div>\n\t\t\t\t<\/div>\n\t\t\t\t<\/div>\n\t\t\t\t\t<\/div>\n\t\t\t\t<\/div>\n\t\t<div class=\"elementor-element elementor-element-fb29299 e-flex e-con-boxed e-con e-parent\" data-id=\"fb29299\" data-element_type=\"container\">\n\t\t\t\t\t<div class=\"e-con-inner\">\n\t\t\t\t<div class=\"elementor-element elementor-element-16f6d49 elementor-widget elementor-widget-spacer\" data-id=\"16f6d49\" data-element_type=\"widget\" data-widget_type=\"spacer.default\">\n\t\t\t\t<div class=\"elementor-widget-container\">\n\t\t\t\t\t\t\t<div class=\"elementor-spacer\">\n\t\t\t<div class=\"elementor-spacer-inner\"><\/div>\n\t\t<\/div>\n\t\t\t\t\t\t<\/div>\n\t\t\t\t<\/div>\n\t\t\t\t\t<\/div>\n\t\t\t\t<\/div>\n\t\t\t\t<\/div>\n\t\t","protected":false},"excerpt":{"rendered":"<p>Cat\u00e1logos Alimentos y Bebidas Agricultura Automotriz Energ\u00eda Madera, Cemento y Miner\u00eda Manufactura Refrigeraci\u00f3n Salud y Qu\u00edmicos THTECH Brasforja Strockmatic<\/p>\n","protected":false},"author":1,"featured_media":0,"parent":0,"menu_order":0,"comment_status":"closed","ping_status":"closed","template":"elementor_header_footer","meta":{"_joinchat":[],"footnotes":""},"class_list":["post-142","page","type-page","status-publish","hentry"],"_links":{"self":[{"href":"https:\/\/thermovalve.com\/es\/wp-json\/wp\/v2\/pages\/142"}],"collection":[{"href":"https:\/\/thermovalve.com\/es\/wp-json\/wp\/v2\/pages"}],"about":[{"href":"https:\/\/thermovalve.com\/es\/wp-json\/wp\/v2\/types\/page"}],"author":[{"embeddable":true,"href":"https:\/\/thermovalve.com\/es\/wp-json\/wp\/v2\/users\/1"}],"replies":[{"embeddable":true,"href":"https:\/\/thermovalve.com\/es\/wp-json\/wp\/v2\/comments?post=142"}],"version-history":[{"count":37,"href":"https:\/\/thermovalve.com\/es\/wp-json\/wp\/v2\/pages\/142\/revisions"}],"predecessor-version":[{"id":503,"href":"https:\/\/thermovalve.com\/es\/wp-json\/wp\/v2\/pages\/142\/revisions\/503"}],"wp:attachment":[{"href":"https:\/\/thermovalve.com\/es\/wp-json\/wp\/v2\/media?parent=142"}],"curies":[{"name":"wp","href":"https:\/\/api.w.org\/{rel}","templated":true}]}}